{"id":1095,"date":"2021-01-08T14:10:23","date_gmt":"2021-01-08T13:10:23","guid":{"rendered":"https:\/\/gesund-arbeiten.com\/shop\/produkt\/buerodrehstuhl-motion-plus-bs_mp_roh_fls_srh_sps_12-xtr-ys079_rls_12-xtr-ys079_ars\/"},"modified":"2021-06-17T10:12:42","modified_gmt":"2021-06-17T08:12:42","slug":"buerodrehstuhl-motion-plus-bs_mp_roh_fls_srh_sps_12-xtr-ys079_rls_12-xtr-ys079_ars","status":"publish","type":"product","link":"https:\/\/gesund-arbeiten.com\/shop\/produkt\/buerodrehstuhl-motion-plus-bs_mp_roh_fls_srh_sps_12-xtr-ys079_rls_12-xtr-ys079_ars\/","title":{"rendered":"B\u00fcrodrehstuhl motion.plus BS_MP_ROH_FLS_SRH_SPS_12-XTR-YS079_RLS_12-XTR-YS079_ARS"},"content":{"rendered":"<p>Rollen f\u00fcr harte B\u00f6den#0.00 \u20ac<br \/>\nFu\u00dfkreuz London, schwarz#0.00 \u20ac<br \/>\nAbdeckung Sitzpolster und R\u00fcckenlehne, hell#0.00 \u20ac<br \/>\nSitzpolster#0.00 \u20ac<br \/>\nSitzpolster Bezug Xtreme YS079#0.00 \u20ac<br \/>\nR\u00fcckenlehne#0.00 \u20ac<br \/>\nR\u00fcckenlehne Bezug Xtreme YS079#0.00 \u20ac<br \/>\nArmlehnen 2D h\u00f6henverstellbar, schwarz, Armauflage schwarz#82.11 \u20ac<\/p>\n","protected":false},"excerpt":{"rendered":"<p>Rollen f\u00fcr harte B\u00f6den#0.00 \u20ac Fu\u00dfkreuz London, schwarz#0.00 \u20ac Abdeckung Sitzpolster und R\u00fcckenlehne, hell#0.00 \u20ac Sitzpolster#0.00 \u20ac Sitzpolster Bezug Xtreme YS079#0.00 \u20ac R\u00fcckenlehne#0.00 \u20ac R\u00fcckenlehne Bezug Xtreme YS079#0.00 \u20ac Armlehnen 2D h\u00f6henverstellbar, schwarz, Armauflage schwarz#82.11 \u20ac<\/p>\n","protected":false},"featured_media":0,"template":"","meta":{"_acf_changed":false},"product_brand":[],"product_cat":[39],"product_tag":[],"class_list":{"0":"post-1095","1":"product","2":"type-product","3":"status-publish","5":"product_cat-motion-plus","6":"product_shipping_class-buerostuehle","8":"first","9":"instock","10":"taxable","11":"shipping-taxable","12":"purchasable","13":"product-type-simple"},"acf":[],"_links":{"self":[{"href":"https:\/\/gesund-arbeiten.com\/shop\/wp-json\/wp\/v2\/product\/1095","targetHints":{"allow":["GET"]}}],"collection":[{"href":"https:\/\/gesund-arbeiten.com\/shop\/wp-json\/wp\/v2\/product"}],"about":[{"href":"https:\/\/gesund-arbeiten.com\/shop\/wp-json\/wp\/v2\/types\/product"}],"wp:attachment":[{"href":"https:\/\/gesund-arbeiten.com\/shop\/wp-json\/wp\/v2\/media?parent=1095"}],"wp:term":[{"taxonomy":"product_brand","embeddable":true,"href":"https:\/\/gesund-arbeiten.com\/shop\/wp-json\/wp\/v2\/product_brand?post=1095"},{"taxonomy":"product_cat","embeddable":true,"href":"https:\/\/gesund-arbeiten.com\/shop\/wp-json\/wp\/v2\/product_cat?post=1095"},{"taxonomy":"product_tag","embeddable":true,"href":"https:\/\/gesund-arbeiten.com\/shop\/wp-json\/wp\/v2\/product_tag?post=1095"}],"curies":[{"name":"wp","href":"https:\/\/api.w.org\/{rel}","templated":true}]}}