{"id":1217,"date":"2021-02-10T11:40:45","date_gmt":"2021-02-10T10:40:45","guid":{"rendered":"https:\/\/gesund-arbeiten.com\/shop\/produkt\/buerodrehstuhl-motion-plus-bs_mp_roh_fls_srd_spl_05-aqu-ja024_rlh_05-aqu-ja024_arw\/"},"modified":"2021-06-17T10:09:46","modified_gmt":"2021-06-17T08:09:46","slug":"buerodrehstuhl-motion-plus-bs_mp_roh_fls_srd_spl_05-aqu-ja024_rlh_05-aqu-ja024_arw","status":"publish","type":"product","link":"https:\/\/gesund-arbeiten.com\/shop\/produkt\/buerodrehstuhl-motion-plus-bs_mp_roh_fls_srd_spl_05-aqu-ja024_rlh_05-aqu-ja024_arw\/","title":{"rendered":"B\u00fcrodrehstuhl motion.plus BS_MP_ROH_FLS_SRD_SPL_05-AQU-JA024_RLH_05-AQU-JA024_ARW"},"content":{"rendered":"<p>motion.plus Basisstuhl#641.41 \u20ac<br \/>\nHarte Rollen f\u00fcr weiche B\u00f6den#0.00 \u20ac<br \/>\nFu\u00dfkreuz London, schwarz#0.00 \u20ac<br \/>\nAbdeckung Sitzpolster und R\u00fcckenlehne, dunkel#0.00 \u20ac<br \/>\nSitzpolster 51 cm (f\u00fcr Personen ab 1.85 m K\u00f6rpergr\u00f6\u00dfe)#61.88 \u20ac<br \/>\nSitzpolster Bezug Aquarius JA024#9.52 \u20ac<br \/>\nR\u00fcckenlehne hoch#113.05 \u20ac<br \/>\nR\u00fcckenlehne Bezug Aquarius JA024#14.28 \u20ac<br \/>\nArmlehnen 3D h\u00f6henverstellbar, wei\u00df, Armauflage schwarz#148.75 \u20ac<\/p>\n","protected":false},"excerpt":{"rendered":"<p>motion.plus Basisstuhl#641.41 \u20ac Harte Rollen f\u00fcr weiche B\u00f6den#0.00 \u20ac Fu\u00dfkreuz London, schwarz#0.00 \u20ac Abdeckung Sitzpolster und R\u00fcckenlehne, dunkel#0.00 \u20ac Sitzpolster 51 cm (f\u00fcr Personen ab 1.85 m K\u00f6rpergr\u00f6\u00dfe)#61.88 \u20ac Sitzpolster Bezug Aquarius JA024#9.52 \u20ac R\u00fcckenlehne hoch#113.05 \u20ac R\u00fcckenlehne Bezug Aquarius JA024#14.28 \u20ac Armlehnen 3D h\u00f6henverstellbar, wei\u00df, Armauflage schwarz#148.75 \u20ac<\/p>\n","protected":false},"featured_media":0,"template":"","meta":{"_acf_changed":false},"product_brand":[],"product_cat":[39],"product_tag":[],"class_list":{"0":"post-1217","1":"product","2":"type-product","3":"status-publish","5":"product_cat-motion-plus","6":"product_shipping_class-buerostuehle","8":"first","9":"instock","10":"taxable","11":"shipping-taxable","12":"purchasable","13":"product-type-simple"},"acf":[],"_links":{"self":[{"href":"https:\/\/gesund-arbeiten.com\/shop\/wp-json\/wp\/v2\/product\/1217","targetHints":{"allow":["GET"]}}],"collection":[{"href":"https:\/\/gesund-arbeiten.com\/shop\/wp-json\/wp\/v2\/product"}],"about":[{"href":"https:\/\/gesund-arbeiten.com\/shop\/wp-json\/wp\/v2\/types\/product"}],"wp:attachment":[{"href":"https:\/\/gesund-arbeiten.com\/shop\/wp-json\/wp\/v2\/media?parent=1217"}],"wp:term":[{"taxonomy":"product_brand","embeddable":true,"href":"https:\/\/gesund-arbeiten.com\/shop\/wp-json\/wp\/v2\/product_brand?post=1217"},{"taxonomy":"product_cat","embeddable":true,"href":"https:\/\/gesund-arbeiten.com\/shop\/wp-json\/wp\/v2\/product_cat?post=1217"},{"taxonomy":"product_tag","embeddable":true,"href":"https:\/\/gesund-arbeiten.com\/shop\/wp-json\/wp\/v2\/product_tag?post=1217"}],"curies":[{"name":"wp","href":"https:\/\/api.w.org\/{rel}","templated":true}]}}