{"id":1409,"date":"2021-05-20T16:29:28","date_gmt":"2021-05-20T14:29:28","guid":{"rendered":"https:\/\/gesund-arbeiten.com\/shop\/produkt\/buerodrehstuhl-motion-plus-bs_mp_row_fla_srd_spl_23-xtr-ys160_rlh_23-xtr-ys160_ara\/"},"modified":"2021-06-17T10:07:22","modified_gmt":"2021-06-17T08:07:22","slug":"buerodrehstuhl-motion-plus-bs_mp_row_fla_srd_spl_23-xtr-ys160_rlh_23-xtr-ys160_ara","status":"publish","type":"product","link":"https:\/\/gesund-arbeiten.com\/shop\/produkt\/buerodrehstuhl-motion-plus-bs_mp_row_fla_srd_spl_23-xtr-ys160_rlh_23-xtr-ys160_ara\/","title":{"rendered":"B\u00fcrodrehstuhl motion.plus BS_MP_ROW_FLA_SRD_SPL_23-XTR-YS160_RLH_23-XTR-YS160_ARA"},"content":{"rendered":"<p>motion.plus Basisstuhl#641.41 \u20ac<br \/>\nWeiche Rollen f\u00fcr harte B\u00f6den#0.00 \u20ac<br \/>\nFu\u00dfkreuz London, Alu poliert#35.70 \u20ac<br \/>\nAbdeckung Sitzpolster und R\u00fcckenlehne, dunkel#0.00 \u20ac<br \/>\nSitzpolster 51 cm (f\u00fcr Personen ab 1.85 m K\u00f6rpergr\u00f6\u00dfe)#61.88 \u20ac<br \/>\nSitzpolster Bezug Xtreme YS160#0.00 \u20ac<br \/>\nR\u00fcckenlehne hoch#113.05 \u20ac<br \/>\nR\u00fcckenlehne Bezug Xtreme YS160#0.00 \u20ac<br \/>\nArmlehnen 3D h\u00f6henverstellbar Alu poliert, Armauflage schwarz#129.71 \u20ac<\/p>\n","protected":false},"excerpt":{"rendered":"<p>motion.plus Basisstuhl#641.41 \u20ac Weiche Rollen f\u00fcr harte B\u00f6den#0.00 \u20ac Fu\u00dfkreuz London, Alu poliert#35.70 \u20ac Abdeckung Sitzpolster und R\u00fcckenlehne, dunkel#0.00 \u20ac Sitzpolster 51 cm (f\u00fcr Personen ab 1.85 m K\u00f6rpergr\u00f6\u00dfe)#61.88 \u20ac Sitzpolster Bezug Xtreme YS160#0.00 \u20ac R\u00fcckenlehne hoch#113.05 \u20ac R\u00fcckenlehne Bezug Xtreme YS160#0.00 \u20ac Armlehnen 3D h\u00f6henverstellbar Alu poliert, Armauflage schwarz#129.71 \u20ac<\/p>\n","protected":false},"featured_media":0,"template":"","meta":{"_acf_changed":false},"product_brand":[],"product_cat":[39],"product_tag":[],"class_list":{"0":"post-1409","1":"product","2":"type-product","3":"status-publish","5":"product_cat-motion-plus","6":"product_shipping_class-buerostuehle","8":"first","9":"instock","10":"taxable","11":"shipping-taxable","12":"purchasable","13":"product-type-simple"},"acf":[],"_links":{"self":[{"href":"https:\/\/gesund-arbeiten.com\/shop\/wp-json\/wp\/v2\/product\/1409","targetHints":{"allow":["GET"]}}],"collection":[{"href":"https:\/\/gesund-arbeiten.com\/shop\/wp-json\/wp\/v2\/product"}],"about":[{"href":"https:\/\/gesund-arbeiten.com\/shop\/wp-json\/wp\/v2\/types\/product"}],"wp:attachment":[{"href":"https:\/\/gesund-arbeiten.com\/shop\/wp-json\/wp\/v2\/media?parent=1409"}],"wp:term":[{"taxonomy":"product_brand","embeddable":true,"href":"https:\/\/gesund-arbeiten.com\/shop\/wp-json\/wp\/v2\/product_brand?post=1409"},{"taxonomy":"product_cat","embeddable":true,"href":"https:\/\/gesund-arbeiten.com\/shop\/wp-json\/wp\/v2\/product_cat?post=1409"},{"taxonomy":"product_tag","embeddable":true,"href":"https:\/\/gesund-arbeiten.com\/shop\/wp-json\/wp\/v2\/product_tag?post=1409"}],"curies":[{"name":"wp","href":"https:\/\/api.w.org\/{rel}","templated":true}]}}