{"id":1509,"date":"2021-06-15T14:47:14","date_gmt":"2021-06-15T12:47:14","guid":{"rendered":"https:\/\/gesund-arbeiten.com\/shop\/?post_type=product&#038;p=1509"},"modified":"2021-06-24T21:24:01","modified_gmt":"2021-06-24T19:24:01","slug":"motion-junior-buerodrehstuhl-fuer-kinder-summercloud","status":"publish","type":"product","link":"https:\/\/gesund-arbeiten.com\/shop\/produkt\/motion-junior-buerodrehstuhl-fuer-kinder-summercloud\/","title":{"rendered":"motion.junior B\u00fcrodrehstuhl f\u00fcr Kinder &#8211; Summercloud"},"content":{"rendered":"<p>Optimalerweise setzt\u00a0Gesundheits-Pr\u00e4vention schon in Kindheitstagen an um den Besten Grundstein f\u00fcr das Alter zu legen.<\/p>\n<p>motion.junior ist geeignet f\u00fcr Kinder ab dem Vorschulalter bis zu einer K\u00f6rpergr\u00f6\u00dfe von ca. 1,55 m. Der Ergonomie-B\u00fcrostuhl motion.junior ist eine Investition in die Gesundheit, die Ihr Kind \u00fcber ein ganzes Jahrzehnt begleiten kann.<\/p>\n<p>In der Farbe Summercloud.<\/p>\n","protected":false},"excerpt":{"rendered":"<p>Optimalerweise setzt\u00a0Gesundheits-Pr\u00e4vention schon in Kindheitstagen an um den Besten Grundstein f\u00fcr das Alter zu legen. motion.junior ist geeignet f\u00fcr Kinder ab dem Vorschulalter bis zu einer K\u00f6rpergr\u00f6\u00dfe von ca. 1,55 m. Der Ergonomie-B\u00fcrostuhl motion.junior ist eine Investition in die Gesundheit, die Ihr Kind \u00fcber ein ganzes Jahrzehnt begleiten kann. In der Farbe Summercloud.<\/p>\n","protected":false},"featured_media":1488,"template":"","meta":{"_acf_changed":false},"product_brand":[],"product_cat":[44],"product_tag":[],"class_list":{"0":"post-1509","1":"product","2":"type-product","3":"status-publish","4":"has-post-thumbnail","6":"product_cat-motion-junior","7":"product_shipping_class-buerostuehle","9":"first","10":"instock","11":"taxable","12":"shipping-taxable","13":"purchasable","14":"product-type-variable","15":"has-default-attributes"},"acf":[],"_links":{"self":[{"href":"https:\/\/gesund-arbeiten.com\/shop\/wp-json\/wp\/v2\/product\/1509","targetHints":{"allow":["GET"]}}],"collection":[{"href":"https:\/\/gesund-arbeiten.com\/shop\/wp-json\/wp\/v2\/product"}],"about":[{"href":"https:\/\/gesund-arbeiten.com\/shop\/wp-json\/wp\/v2\/types\/product"}],"wp:featuredmedia":[{"embeddable":true,"href":"https:\/\/gesund-arbeiten.com\/shop\/wp-json\/wp\/v2\/media\/1488"}],"wp:attachment":[{"href":"https:\/\/gesund-arbeiten.com\/shop\/wp-json\/wp\/v2\/media?parent=1509"}],"wp:term":[{"taxonomy":"product_brand","embeddable":true,"href":"https:\/\/gesund-arbeiten.com\/shop\/wp-json\/wp\/v2\/product_brand?post=1509"},{"taxonomy":"product_cat","embeddable":true,"href":"https:\/\/gesund-arbeiten.com\/shop\/wp-json\/wp\/v2\/product_cat?post=1509"},{"taxonomy":"product_tag","embeddable":true,"href":"https:\/\/gesund-arbeiten.com\/shop\/wp-json\/wp\/v2\/product_tag?post=1509"}],"curies":[{"name":"wp","href":"https:\/\/api.w.org\/{rel}","templated":true}]}}