{"id":1702,"date":"2021-08-23T13:06:44","date_gmt":"2021-08-23T11:06:44","guid":{"rendered":"https:\/\/gesund-arbeiten.com\/shop\/produkt\/buerodrehstuhl-new-motion-bs_nm_roh_fra_srh_spl_02-xtr-ys009_rlh_02-xtr-ys009_ars\/"},"modified":"2021-08-23T13:06:44","modified_gmt":"2021-08-23T11:06:44","slug":"buerodrehstuhl-new-motion-bs_nm_roh_fra_srh_spl_02-xtr-ys009_rlh_02-xtr-ys009_ars","status":"publish","type":"product","link":"https:\/\/gesund-arbeiten.com\/shop\/produkt\/buerodrehstuhl-new-motion-bs_nm_roh_fra_srh_spl_02-xtr-ys009_rlh_02-xtr-ys009_ars\/","title":{"rendered":"B\u00fcrodrehstuhl new.motion BS_NM_ROH_FRA_SRH_SPL_02-XTR-YS009_RLH_02-XTR-YS009_ARS"},"content":{"rendered":"<p>new.motion Basisstuhl#734.23 \u20ac<br \/>\nHarte Rollen f\u00fcr weiche B\u00f6den#0.00 \u20ac<br \/>\nFu\u00dfkreuz Root, Alu poliert#69.02 \u20ac<br \/>\nAbdeckung Sitzpolster und R\u00fcckenlehne, hell#0.00 \u20ac<br \/>\nSitzpolster 51 cm (f\u00fcr Personen ab 1.85 m K\u00f6rpergr\u00f6\u00dfe)#61.88 \u20ac<br \/>\nSitzpolster Bezug Xtreme,  XTR-YS009#0.00 \u20ac<br \/>\nR\u00fcckenlehne hoch#117.81 \u20ac<br \/>\nR\u00fcckenlehne Bezug Xtreme,  XTR-YS009#0.00 \u20ac<br \/>\nArmlehnen 2D h\u00f6henverstellbar, schwarz, Armauflage schwarz#89.25 \u20ac<\/p>\n","protected":false},"excerpt":{"rendered":"<p>new.motion Basisstuhl#734.23 \u20ac Harte Rollen f\u00fcr weiche B\u00f6den#0.00 \u20ac Fu\u00dfkreuz Root, Alu poliert#69.02 \u20ac Abdeckung Sitzpolster und R\u00fcckenlehne, hell#0.00 \u20ac Sitzpolster 51 cm (f\u00fcr Personen ab 1.85 m K\u00f6rpergr\u00f6\u00dfe)#61.88 \u20ac Sitzpolster Bezug Xtreme, XTR-YS009#0.00 \u20ac R\u00fcckenlehne hoch#117.81 \u20ac R\u00fcckenlehne Bezug Xtreme, XTR-YS009#0.00 \u20ac Armlehnen 2D h\u00f6henverstellbar, schwarz, Armauflage schwarz#89.25 \u20ac<\/p>\n","protected":false},"featured_media":0,"template":"","meta":{"_acf_changed":false},"product_brand":[],"product_cat":[40],"product_tag":[],"class_list":{"0":"post-1702","1":"product","2":"type-product","3":"status-publish","5":"product_cat-new-motion","6":"product_shipping_class-buerostuehle","8":"first","9":"instock","10":"taxable","11":"shipping-taxable","12":"purchasable","13":"product-type-simple"},"acf":[],"_links":{"self":[{"href":"https:\/\/gesund-arbeiten.com\/shop\/wp-json\/wp\/v2\/product\/1702","targetHints":{"allow":["GET"]}}],"collection":[{"href":"https:\/\/gesund-arbeiten.com\/shop\/wp-json\/wp\/v2\/product"}],"about":[{"href":"https:\/\/gesund-arbeiten.com\/shop\/wp-json\/wp\/v2\/types\/product"}],"wp:attachment":[{"href":"https:\/\/gesund-arbeiten.com\/shop\/wp-json\/wp\/v2\/media?parent=1702"}],"wp:term":[{"taxonomy":"product_brand","embeddable":true,"href":"https:\/\/gesund-arbeiten.com\/shop\/wp-json\/wp\/v2\/product_brand?post=1702"},{"taxonomy":"product_cat","embeddable":true,"href":"https:\/\/gesund-arbeiten.com\/shop\/wp-json\/wp\/v2\/product_cat?post=1702"},{"taxonomy":"product_tag","embeddable":true,"href":"https:\/\/gesund-arbeiten.com\/shop\/wp-json\/wp\/v2\/product_tag?post=1702"}],"curies":[{"name":"wp","href":"https:\/\/api.w.org\/{rel}","templated":true}]}}