{"id":1769,"date":"2021-10-13T23:57:50","date_gmt":"2021-10-13T21:57:50","guid":{"rendered":"https:\/\/gesund-arbeiten.com\/shop\/produkt\/buerodrehstuhl-new-motion-bs_nm_row_fra_srd_spl_16-led-p1000_rlh_16-led-p1000_ara\/"},"modified":"2021-10-14T01:46:51","modified_gmt":"2021-10-13T23:46:51","slug":"buerodrehstuhl-new-motion-bs_nm_row_fra_srd_spl_16-led-p1000_rlh_16-led-p1000_ara","status":"publish","type":"product","link":"https:\/\/gesund-arbeiten.com\/shop\/produkt\/buerodrehstuhl-new-motion-bs_nm_row_fra_srd_spl_16-led-p1000_rlh_16-led-p1000_ara\/","title":{"rendered":"B\u00fcrodrehstuhl new.motion BS_NM_ROW_FRA_SRD_SPL_16-LED-P1000_RLH_16-LED-P1000_ARA"},"content":{"rendered":"<p>new.motion Basisstuhl#734.23 \u20ac<br \/>\nWeiche Rollen f\u00fcr harte B\u00f6den#0.00 \u20ac<br \/>\nFu\u00dfkreuz Root, Alu poliert#69.02 \u20ac<br \/>\nAbdeckung Sitzpolster und R\u00fcckenlehne, dunkel#0.00 \u20ac<br \/>\nSitzpolster 51 cm (f\u00fcr Personen ab 1.85 m K\u00f6rpergr\u00f6\u00dfe)#61.88 \u20ac<br \/>\nSitzpolster Bezug Leder,  LED-P1000#89.25 \u20ac<br \/>\nR\u00fcckenlehne hoch#117.81 \u20ac<br \/>\nR\u00fcckenlehne Bezug Leder,  LED-P1000#178.50 \u20ac<br \/>\nArmlehnen 3D h\u00f6henverstellbar Alu poliert, Armauflage schwarz#136.85 \u20ac<\/p>\n","protected":false},"excerpt":{"rendered":"<p>new.motion Basisstuhl#734.23 \u20ac Weiche Rollen f\u00fcr harte B\u00f6den#0.00 \u20ac Fu\u00dfkreuz Root, Alu poliert#69.02 \u20ac Abdeckung Sitzpolster und R\u00fcckenlehne, dunkel#0.00 \u20ac Sitzpolster 51 cm (f\u00fcr Personen ab 1.85 m K\u00f6rpergr\u00f6\u00dfe)#61.88 \u20ac Sitzpolster Bezug Leder, LED-P1000#89.25 \u20ac R\u00fcckenlehne hoch#117.81 \u20ac R\u00fcckenlehne Bezug Leder, LED-P1000#178.50 \u20ac Armlehnen 3D h\u00f6henverstellbar Alu poliert, Armauflage schwarz#136.85 \u20ac<\/p>\n","protected":false},"featured_media":0,"template":"","meta":{"_acf_changed":false},"product_brand":[],"product_cat":[40],"product_tag":[],"class_list":{"0":"post-1769","1":"product","2":"type-product","3":"status-publish","5":"product_cat-new-motion","6":"product_shipping_class-buerostuehle","8":"first","9":"instock","10":"taxable","11":"shipping-taxable","12":"purchasable","13":"product-type-simple"},"acf":[],"_links":{"self":[{"href":"https:\/\/gesund-arbeiten.com\/shop\/wp-json\/wp\/v2\/product\/1769","targetHints":{"allow":["GET"]}}],"collection":[{"href":"https:\/\/gesund-arbeiten.com\/shop\/wp-json\/wp\/v2\/product"}],"about":[{"href":"https:\/\/gesund-arbeiten.com\/shop\/wp-json\/wp\/v2\/types\/product"}],"wp:attachment":[{"href":"https:\/\/gesund-arbeiten.com\/shop\/wp-json\/wp\/v2\/media?parent=1769"}],"wp:term":[{"taxonomy":"product_brand","embeddable":true,"href":"https:\/\/gesund-arbeiten.com\/shop\/wp-json\/wp\/v2\/product_brand?post=1769"},{"taxonomy":"product_cat","embeddable":true,"href":"https:\/\/gesund-arbeiten.com\/shop\/wp-json\/wp\/v2\/product_cat?post=1769"},{"taxonomy":"product_tag","embeddable":true,"href":"https:\/\/gesund-arbeiten.com\/shop\/wp-json\/wp\/v2\/product_tag?post=1769"}],"curies":[{"name":"wp","href":"https:\/\/api.w.org\/{rel}","templated":true}]}}