{"id":2176,"date":"2021-11-19T11:51:56","date_gmt":"2021-11-19T10:51:56","guid":{"rendered":"https:\/\/gesund-arbeiten.com\/shop\/?post_type=product&#038;p=2176"},"modified":"2021-11-23T08:39:46","modified_gmt":"2021-11-23T07:39:46","slug":"geschenkgutschein","status":"publish","type":"product","link":"https:\/\/gesund-arbeiten.com\/shop\/produkt\/geschenkgutschein\/","title":{"rendered":"Geschenkgutschein"},"content":{"rendered":"<p>Der Gutschein gilt auf das gesamte B\u00fcrostuhl-Sortiment im Online-Shop. Barauszahlungen sind nicht m\u00f6glich. Die G\u00fcltigkeit betr\u00e4gt die allgemeine Verj\u00e4hrungsfrist von drei Jahren.<\/p>\n<p>Hinweis:<br \/>\nGeben Sie im n\u00e4chsten Schritt unter \u201eAn\u201c ihre <strong>eigene<\/strong> E-Mail-Adresse an, wenn Sie den Gutschein ausgedruckt verschenken m\u00f6chten.<\/p>\n","protected":false},"excerpt":{"rendered":"<p>Der Gutschein gilt auf das gesamte B\u00fcrostuhl-Sortiment im Online-Shop. Barauszahlungen sind nicht m\u00f6glich. Die G\u00fcltigkeit betr\u00e4gt die allgemeine Verj\u00e4hrungsfrist von drei Jahren. Hinweis: Geben Sie im n\u00e4chsten Schritt unter \u201eAn\u201c ihre eigene E-Mail-Adresse an, wenn Sie den Gutschein ausgedruckt verschenken m\u00f6chten.<\/p>\n","protected":false},"featured_media":1810,"template":"","meta":{"_acf_changed":false},"product_brand":[],"product_cat":[15],"product_tag":[],"class_list":{"0":"post-2176","1":"product","2":"type-product","3":"status-publish","4":"has-post-thumbnail","6":"product_cat-unkategorisiert","8":"first","9":"instock","10":"purchasable","11":"product-type-pw-gift-card"},"acf":[],"_links":{"self":[{"href":"https:\/\/gesund-arbeiten.com\/shop\/wp-json\/wp\/v2\/product\/2176","targetHints":{"allow":["GET"]}}],"collection":[{"href":"https:\/\/gesund-arbeiten.com\/shop\/wp-json\/wp\/v2\/product"}],"about":[{"href":"https:\/\/gesund-arbeiten.com\/shop\/wp-json\/wp\/v2\/types\/product"}],"wp:featuredmedia":[{"embeddable":true,"href":"https:\/\/gesund-arbeiten.com\/shop\/wp-json\/wp\/v2\/media\/1810"}],"wp:attachment":[{"href":"https:\/\/gesund-arbeiten.com\/shop\/wp-json\/wp\/v2\/media?parent=2176"}],"wp:term":[{"taxonomy":"product_brand","embeddable":true,"href":"https:\/\/gesund-arbeiten.com\/shop\/wp-json\/wp\/v2\/product_brand?post=2176"},{"taxonomy":"product_cat","embeddable":true,"href":"https:\/\/gesund-arbeiten.com\/shop\/wp-json\/wp\/v2\/product_cat?post=2176"},{"taxonomy":"product_tag","embeddable":true,"href":"https:\/\/gesund-arbeiten.com\/shop\/wp-json\/wp\/v2\/product_tag?post=2176"}],"curies":[{"name":"wp","href":"https:\/\/api.w.org\/{rel}","templated":true}]}}