{"id":2248,"date":"2021-11-30T15:36:13","date_gmt":"2021-11-30T14:36:13","guid":{"rendered":"https:\/\/gesund-arbeiten.com\/shop\/produkt\/buerodrehstuhl-motion-plus-bs_mp_row_fla_srd_spl_05-aqu-ja024_rls_05-aqu-ja024_ars\/"},"modified":"2021-11-30T15:36:13","modified_gmt":"2021-11-30T14:36:13","slug":"buerodrehstuhl-motion-plus-bs_mp_row_fla_srd_spl_05-aqu-ja024_rls_05-aqu-ja024_ars","status":"publish","type":"product","link":"https:\/\/gesund-arbeiten.com\/shop\/produkt\/buerodrehstuhl-motion-plus-bs_mp_row_fla_srd_spl_05-aqu-ja024_rls_05-aqu-ja024_ars\/","title":{"rendered":"B\u00fcrodrehstuhl motion.plus BS_MP_ROW_FLA_SRD_SPL_05-AQU-JA024_RLS_05-AQU-JA024_ARS"},"content":{"rendered":"<p>motion.plus Basisstuhl#648.54 \u20ac<br \/>\nWeiche Rollen f\u00fcr harte B\u00f6den#0.00 \u20ac<br \/>\nFu\u00dfkreuz London, Alu poliert#45.22 \u20ac<br \/>\nAbdeckung Sitzpolster und R\u00fcckenlehne, dunkel#0.00 \u20ac<br \/>\nSitzpolster 51 cm (f\u00fcr Personen ab 1.85 m K\u00f6rpergr\u00f6\u00dfe)#61.88 \u20ac<br \/>\nSitzpolster Bezug Aquarius,  AQU-JA024#11.42 \u20ac<br \/>\nR\u00fcckenlehne#0.00 \u20ac<br \/>\nR\u00fcckenlehne Bezug Aquarius,  AQU-JA024#17.14 \u20ac<br \/>\nArmlehnen 2D h\u00f6henverstellbar, schwarz, Armauflage schwarz#89.25 \u20ac<\/p>\n","protected":false},"excerpt":{"rendered":"<p>motion.plus Basisstuhl#648.54 \u20ac Weiche Rollen f\u00fcr harte B\u00f6den#0.00 \u20ac Fu\u00dfkreuz London, Alu poliert#45.22 \u20ac Abdeckung Sitzpolster und R\u00fcckenlehne, dunkel#0.00 \u20ac Sitzpolster 51 cm (f\u00fcr Personen ab 1.85 m K\u00f6rpergr\u00f6\u00dfe)#61.88 \u20ac Sitzpolster Bezug Aquarius, AQU-JA024#11.42 \u20ac R\u00fcckenlehne#0.00 \u20ac R\u00fcckenlehne Bezug Aquarius, AQU-JA024#17.14 \u20ac Armlehnen 2D h\u00f6henverstellbar, schwarz, Armauflage schwarz#89.25 \u20ac<\/p>\n","protected":false},"featured_media":0,"template":"","meta":{"_acf_changed":false},"product_brand":[],"product_cat":[39],"product_tag":[],"class_list":{"0":"post-2248","1":"product","2":"type-product","3":"status-publish","5":"product_cat-motion-plus","6":"product_shipping_class-buerostuehle","8":"first","9":"instock","10":"taxable","11":"shipping-taxable","12":"purchasable","13":"product-type-simple"},"acf":[],"_links":{"self":[{"href":"https:\/\/gesund-arbeiten.com\/shop\/wp-json\/wp\/v2\/product\/2248","targetHints":{"allow":["GET"]}}],"collection":[{"href":"https:\/\/gesund-arbeiten.com\/shop\/wp-json\/wp\/v2\/product"}],"about":[{"href":"https:\/\/gesund-arbeiten.com\/shop\/wp-json\/wp\/v2\/types\/product"}],"wp:attachment":[{"href":"https:\/\/gesund-arbeiten.com\/shop\/wp-json\/wp\/v2\/media?parent=2248"}],"wp:term":[{"taxonomy":"product_brand","embeddable":true,"href":"https:\/\/gesund-arbeiten.com\/shop\/wp-json\/wp\/v2\/product_brand?post=2248"},{"taxonomy":"product_cat","embeddable":true,"href":"https:\/\/gesund-arbeiten.com\/shop\/wp-json\/wp\/v2\/product_cat?post=2248"},{"taxonomy":"product_tag","embeddable":true,"href":"https:\/\/gesund-arbeiten.com\/shop\/wp-json\/wp\/v2\/product_tag?post=2248"}],"curies":[{"name":"wp","href":"https:\/\/api.w.org\/{rel}","templated":true}]}}