{"id":2357,"date":"2022-03-10T13:50:33","date_gmt":"2022-03-10T12:50:33","guid":{"rendered":"https:\/\/gesund-arbeiten.com\/shop\/?post_type=product&#038;p=2357"},"modified":"2025-05-07T14:00:34","modified_gmt":"2025-05-07T12:00:34","slug":"ausstellungstueck-besucherstuhl-think-together-helles-steingrau","status":"publish","type":"product","link":"https:\/\/gesund-arbeiten.com\/shop\/produkt\/ausstellungstueck-besucherstuhl-think-together-helles-steingrau\/","title":{"rendered":"Ausstellungst\u00fcck &#8211; Besucherstuhl think.together &#8211; helles Steingrau"},"content":{"rendered":"<ul>\n<li style=\"list-style-type: none;\">\n<ul>\n<li>Farbe Bezug: helles Steingrau<\/li>\n<li>Material Bezug: Blazer (100% Schurwolle, filz\u00e4hnliche Textur)<\/li>\n<li>Scheuertouren nach Martindale: 50.000<\/li>\n<li>Es handelt sich hier um ein neues, fehlerfreies Musterst\u00fcck aus unserer Ausstellung.<\/li>\n<li><strong style=\"color: #cc0000;\">Ausstellungst\u00fcck-Rabatt: 30 % auf den Listenpreis!<\/strong><\/li>\n<\/ul>\n<\/li>\n<\/ul>\n","protected":false},"excerpt":{"rendered":"<p>Farbe Bezug: helles Steingrau Material Bezug: Blazer (100% Schurwolle, filz\u00e4hnliche Textur) Scheuertouren nach Martindale: 50.000 Es handelt sich hier um ein neues, fehlerfreies Musterst\u00fcck aus unserer Ausstellung. Ausstellungst\u00fcck-Rabatt: 30 % auf den Listenpreis!<\/p>\n","protected":false},"featured_media":2362,"template":"","meta":{"_acf_changed":false},"product_brand":[],"product_cat":[48],"product_tag":[],"class_list":{"0":"post-2357","1":"product","2":"type-product","3":"status-publish","4":"has-post-thumbnail","6":"product_cat-sale","7":"product_shipping_class-buerostuehle","9":"first","10":"instock","11":"sale","12":"sold-individually","13":"taxable","14":"shipping-taxable","15":"purchasable","16":"product-type-simple"},"acf":[],"_links":{"self":[{"href":"https:\/\/gesund-arbeiten.com\/shop\/wp-json\/wp\/v2\/product\/2357","targetHints":{"allow":["GET"]}}],"collection":[{"href":"https:\/\/gesund-arbeiten.com\/shop\/wp-json\/wp\/v2\/product"}],"about":[{"href":"https:\/\/gesund-arbeiten.com\/shop\/wp-json\/wp\/v2\/types\/product"}],"wp:featuredmedia":[{"embeddable":true,"href":"https:\/\/gesund-arbeiten.com\/shop\/wp-json\/wp\/v2\/media\/2362"}],"wp:attachment":[{"href":"https:\/\/gesund-arbeiten.com\/shop\/wp-json\/wp\/v2\/media?parent=2357"}],"wp:term":[{"taxonomy":"product_brand","embeddable":true,"href":"https:\/\/gesund-arbeiten.com\/shop\/wp-json\/wp\/v2\/product_brand?post=2357"},{"taxonomy":"product_cat","embeddable":true,"href":"https:\/\/gesund-arbeiten.com\/shop\/wp-json\/wp\/v2\/product_cat?post=2357"},{"taxonomy":"product_tag","embeddable":true,"href":"https:\/\/gesund-arbeiten.com\/shop\/wp-json\/wp\/v2\/product_tag?post=2357"}],"curies":[{"name":"wp","href":"https:\/\/api.w.org\/{rel}","templated":true}]}}