{"id":2537,"date":"2022-09-18T12:44:10","date_gmt":"2022-09-18T10:44:10","guid":{"rendered":"https:\/\/gesund-arbeiten.com\/shop\/produkt\/buerodrehstuhl-motion-plus-bs_mp_row_fra_srd_spl_11-cap-024_rlh_11-cap-024_arw\/"},"modified":"2022-09-18T12:44:10","modified_gmt":"2022-09-18T10:44:10","slug":"buerodrehstuhl-motion-plus-bs_mp_row_fra_srd_spl_11-cap-024_rlh_11-cap-024_arw","status":"publish","type":"product","link":"https:\/\/gesund-arbeiten.com\/shop\/produkt\/buerodrehstuhl-motion-plus-bs_mp_row_fra_srd_spl_11-cap-024_rlh_11-cap-024_arw\/","title":{"rendered":"B\u00fcrodrehstuhl motion.plus BS_MP_ROW_FRA_SRD_SPL_11-CAP-024_RLH_11-CAP-024_ARW"},"content":{"rendered":"<p>motion.plus Basisstuhl#684.25 \u20ac<br \/>\nWeiche Rollen f\u00fcr harte B\u00f6den#0.00 \u20ac<br \/>\nFu\u00dfkreuz Root, Alu poliert#74.97 \u20ac<br \/>\nAbdeckung Sitzpolster und R\u00fcckenlehne, dunkel#0.00 \u20ac<br \/>\nSitzpolster 51 cm (f\u00fcr Personen ab 1.85 m K\u00f6rpergr\u00f6\u00dfe)#65.45 \u20ac<br \/>\nSitzpolster Bezug Capri,  CAP-024#61.09 \u20ac<br \/>\nR\u00fcckenlehne hoch#135.66 \u20ac<br \/>\nR\u00fcckenlehne Bezug Capri,  CAP-024#122.17 \u20ac<br \/>\nArmlehnen 3D h\u00f6henverstellbar, wei\u00df, Armauflage schwarz#153.51 \u20ac<\/p>\n","protected":false},"excerpt":{"rendered":"<p>motion.plus Basisstuhl#684.25 \u20ac Weiche Rollen f\u00fcr harte B\u00f6den#0.00 \u20ac Fu\u00dfkreuz Root, Alu poliert#74.97 \u20ac Abdeckung Sitzpolster und R\u00fcckenlehne, dunkel#0.00 \u20ac Sitzpolster 51 cm (f\u00fcr Personen ab 1.85 m K\u00f6rpergr\u00f6\u00dfe)#65.45 \u20ac Sitzpolster Bezug Capri, CAP-024#61.09 \u20ac R\u00fcckenlehne hoch#135.66 \u20ac R\u00fcckenlehne Bezug Capri, CAP-024#122.17 \u20ac Armlehnen 3D h\u00f6henverstellbar, wei\u00df, Armauflage schwarz#153.51 \u20ac<\/p>\n","protected":false},"featured_media":0,"template":"","meta":{"_acf_changed":false},"product_brand":[],"product_cat":[39],"product_tag":[],"class_list":{"0":"post-2537","1":"product","2":"type-product","3":"status-publish","5":"product_cat-motion-plus","6":"product_shipping_class-buerostuehle","8":"first","9":"instock","10":"taxable","11":"shipping-taxable","12":"purchasable","13":"product-type-simple"},"acf":[],"_links":{"self":[{"href":"https:\/\/gesund-arbeiten.com\/shop\/wp-json\/wp\/v2\/product\/2537","targetHints":{"allow":["GET"]}}],"collection":[{"href":"https:\/\/gesund-arbeiten.com\/shop\/wp-json\/wp\/v2\/product"}],"about":[{"href":"https:\/\/gesund-arbeiten.com\/shop\/wp-json\/wp\/v2\/types\/product"}],"wp:attachment":[{"href":"https:\/\/gesund-arbeiten.com\/shop\/wp-json\/wp\/v2\/media?parent=2537"}],"wp:term":[{"taxonomy":"product_brand","embeddable":true,"href":"https:\/\/gesund-arbeiten.com\/shop\/wp-json\/wp\/v2\/product_brand?post=2537"},{"taxonomy":"product_cat","embeddable":true,"href":"https:\/\/gesund-arbeiten.com\/shop\/wp-json\/wp\/v2\/product_cat?post=2537"},{"taxonomy":"product_tag","embeddable":true,"href":"https:\/\/gesund-arbeiten.com\/shop\/wp-json\/wp\/v2\/product_tag?post=2537"}],"curies":[{"name":"wp","href":"https:\/\/api.w.org\/{rel}","templated":true}]}}