{"id":2621,"date":"2022-12-16T10:46:12","date_gmt":"2022-12-16T09:46:12","guid":{"rendered":"https:\/\/gesund-arbeiten.com\/shop\/produkt\/buerodrehstuhl-new-motion-bs_nm_row_fls_srd_spl_14-xtr-ys082_rls_14-xtr-ys082_ano\/"},"modified":"2022-12-16T10:46:12","modified_gmt":"2022-12-16T09:46:12","slug":"buerodrehstuhl-new-motion-bs_nm_row_fls_srd_spl_14-xtr-ys082_rls_14-xtr-ys082_ano","status":"publish","type":"product","link":"https:\/\/gesund-arbeiten.com\/shop\/produkt\/buerodrehstuhl-new-motion-bs_nm_row_fls_srd_spl_14-xtr-ys082_rls_14-xtr-ys082_ano\/","title":{"rendered":"B\u00fcrodrehstuhl new.motion BS_NM_ROW_FLS_SRD_SPL_14-XTR-YS082_RLS_14-XTR-YS082_ANO"},"content":{"rendered":"<p>new.motion Basisstuhl#763.98 \u20ac<br \/>\nWeiche Rollen f\u00fcr harte B\u00f6den#0.00 \u20ac<br \/>\nFu\u00dfkreuz London, schwarz#0.00 \u20ac<br \/>\nAbdeckung Sitzpolster und R\u00fcckenlehne, dunkel#0.00 \u20ac<br \/>\nSitzpolster 51 cm (f\u00fcr Personen ab 1.85 m K\u00f6rpergr\u00f6\u00dfe)#65.45 \u20ac<br \/>\nSitzpolster Bezug Xtreme,  XTR-YS082#0.00 \u20ac<br \/>\nR\u00fcckenlehne#0.00 \u20ac<br \/>\nR\u00fcckenlehne Bezug Xtreme,  XTR-YS082#0.00 \u20ac<br \/>\nKeine Armlehnen#0.00 \u20ac<\/p>\n","protected":false},"excerpt":{"rendered":"<p>new.motion Basisstuhl#763.98 \u20ac Weiche Rollen f\u00fcr harte B\u00f6den#0.00 \u20ac Fu\u00dfkreuz London, schwarz#0.00 \u20ac Abdeckung Sitzpolster und R\u00fcckenlehne, dunkel#0.00 \u20ac Sitzpolster 51 cm (f\u00fcr Personen ab 1.85 m K\u00f6rpergr\u00f6\u00dfe)#65.45 \u20ac Sitzpolster Bezug Xtreme, XTR-YS082#0.00 \u20ac R\u00fcckenlehne#0.00 \u20ac R\u00fcckenlehne Bezug Xtreme, XTR-YS082#0.00 \u20ac Keine Armlehnen#0.00 \u20ac<\/p>\n","protected":false},"featured_media":0,"template":"","meta":{"_acf_changed":false},"product_brand":[],"product_cat":[40],"product_tag":[],"class_list":{"0":"post-2621","1":"product","2":"type-product","3":"status-publish","5":"product_cat-new-motion","6":"product_shipping_class-buerostuehle","8":"first","9":"instock","10":"taxable","11":"shipping-taxable","12":"purchasable","13":"product-type-simple"},"acf":[],"_links":{"self":[{"href":"https:\/\/gesund-arbeiten.com\/shop\/wp-json\/wp\/v2\/product\/2621","targetHints":{"allow":["GET"]}}],"collection":[{"href":"https:\/\/gesund-arbeiten.com\/shop\/wp-json\/wp\/v2\/product"}],"about":[{"href":"https:\/\/gesund-arbeiten.com\/shop\/wp-json\/wp\/v2\/types\/product"}],"wp:attachment":[{"href":"https:\/\/gesund-arbeiten.com\/shop\/wp-json\/wp\/v2\/media?parent=2621"}],"wp:term":[{"taxonomy":"product_brand","embeddable":true,"href":"https:\/\/gesund-arbeiten.com\/shop\/wp-json\/wp\/v2\/product_brand?post=2621"},{"taxonomy":"product_cat","embeddable":true,"href":"https:\/\/gesund-arbeiten.com\/shop\/wp-json\/wp\/v2\/product_cat?post=2621"},{"taxonomy":"product_tag","embeddable":true,"href":"https:\/\/gesund-arbeiten.com\/shop\/wp-json\/wp\/v2\/product_tag?post=2621"}],"curies":[{"name":"wp","href":"https:\/\/api.w.org\/{rel}","templated":true}]}}