{"id":2638,"date":"2023-01-12T11:48:57","date_gmt":"2023-01-12T10:48:57","guid":{"rendered":"https:\/\/gesund-arbeiten.com\/shop\/produkt\/buerodrehstuhl-motion-plus-bs_mp_row_fla_srh_spl_06-xtr-ys035_rls_06-xtr-ys035_ars\/"},"modified":"2023-01-12T11:48:57","modified_gmt":"2023-01-12T10:48:57","slug":"buerodrehstuhl-motion-plus-bs_mp_row_fla_srh_spl_06-xtr-ys035_rls_06-xtr-ys035_ars","status":"publish","type":"product","link":"https:\/\/gesund-arbeiten.com\/shop\/produkt\/buerodrehstuhl-motion-plus-bs_mp_row_fla_srh_spl_06-xtr-ys035_rls_06-xtr-ys035_ars\/","title":{"rendered":"B\u00fcrodrehstuhl motion.plus BS_MP_ROW_FLA_SRH_SPL_06-XTR-YS035_RLS_06-XTR-YS035_ARS"},"content":{"rendered":"<p>motion.plus Basisstuhl#684.25 \u20ac<br \/>\nWeiche Rollen f\u00fcr harte B\u00f6den#0.00 \u20ac<br \/>\nFu\u00dfkreuz London, Alu poliert#51.17 \u20ac<br \/>\nAbdeckung Sitzpolster und R\u00fcckenlehne, hell#0.00 \u20ac<br \/>\nSitzpolster 51 cm (f\u00fcr Personen ab 1.85 m K\u00f6rpergr\u00f6\u00dfe)#65.45 \u20ac<br \/>\nSitzpolster Bezug Xtreme,  XTR-YS035#0.00 \u20ac<br \/>\nR\u00fcckenlehne#0.00 \u20ac<br \/>\nR\u00fcckenlehne Bezug Xtreme,  XTR-YS035#0.00 \u20ac<br \/>\nArmlehnen 2D h\u00f6henverstellbar, schwarz, Armauflage schwarz#101.15 \u20ac<\/p>\n","protected":false},"excerpt":{"rendered":"<p>motion.plus Basisstuhl#684.25 \u20ac Weiche Rollen f\u00fcr harte B\u00f6den#0.00 \u20ac Fu\u00dfkreuz London, Alu poliert#51.17 \u20ac Abdeckung Sitzpolster und R\u00fcckenlehne, hell#0.00 \u20ac Sitzpolster 51 cm (f\u00fcr Personen ab 1.85 m K\u00f6rpergr\u00f6\u00dfe)#65.45 \u20ac Sitzpolster Bezug Xtreme, XTR-YS035#0.00 \u20ac R\u00fcckenlehne#0.00 \u20ac R\u00fcckenlehne Bezug Xtreme, XTR-YS035#0.00 \u20ac Armlehnen 2D h\u00f6henverstellbar, schwarz, Armauflage schwarz#101.15 \u20ac<\/p>\n","protected":false},"featured_media":0,"template":"","meta":{"_acf_changed":false},"product_brand":[],"product_cat":[39],"product_tag":[],"class_list":{"0":"post-2638","1":"product","2":"type-product","3":"status-publish","5":"product_cat-motion-plus","6":"product_shipping_class-buerostuehle","8":"first","9":"instock","10":"taxable","11":"shipping-taxable","12":"purchasable","13":"product-type-simple"},"acf":[],"_links":{"self":[{"href":"https:\/\/gesund-arbeiten.com\/shop\/wp-json\/wp\/v2\/product\/2638","targetHints":{"allow":["GET"]}}],"collection":[{"href":"https:\/\/gesund-arbeiten.com\/shop\/wp-json\/wp\/v2\/product"}],"about":[{"href":"https:\/\/gesund-arbeiten.com\/shop\/wp-json\/wp\/v2\/types\/product"}],"wp:attachment":[{"href":"https:\/\/gesund-arbeiten.com\/shop\/wp-json\/wp\/v2\/media?parent=2638"}],"wp:term":[{"taxonomy":"product_brand","embeddable":true,"href":"https:\/\/gesund-arbeiten.com\/shop\/wp-json\/wp\/v2\/product_brand?post=2638"},{"taxonomy":"product_cat","embeddable":true,"href":"https:\/\/gesund-arbeiten.com\/shop\/wp-json\/wp\/v2\/product_cat?post=2638"},{"taxonomy":"product_tag","embeddable":true,"href":"https:\/\/gesund-arbeiten.com\/shop\/wp-json\/wp\/v2\/product_tag?post=2638"}],"curies":[{"name":"wp","href":"https:\/\/api.w.org\/{rel}","templated":true}]}}