{"id":3222,"date":"2025-03-31T15:46:33","date_gmt":"2025-03-31T13:46:33","guid":{"rendered":"https:\/\/gesund-arbeiten.com\/shop\/?post_type=product&#038;p=3222"},"modified":"2025-03-31T16:12:22","modified_gmt":"2025-03-31T14:12:22","slug":"musterfarbkarten","status":"publish","type":"product","link":"https:\/\/gesund-arbeiten.com\/shop\/produkt\/musterfarbkarten\/","title":{"rendered":"Musterfarbkarten"},"content":{"rendered":"<p>Sie sind sich bei der Wahl des f\u00fcr Sie passenden Bezuges nicht sicher?<\/p>\n<p>Unsere Musterkarten bieten eine stattliche Bandbreite an verschiedenen Farben und ausgew\u00e4hlten Materialien. So k\u00f6nnen wir sicherstellen, Ihnen das perfekte Design f\u00fcr Ihren Arbeitsplatz unter den folgenden Farbkarten zu bieten.<\/p>\n","protected":false},"excerpt":{"rendered":"<p>Sie sind sich bei der Wahl des f\u00fcr Sie passenden Bezuges nicht sicher? Unsere Musterkarten bieten eine stattliche Bandbreite an verschiedenen Farben und ausgew\u00e4hlten Materialien. So k\u00f6nnen wir sicherstellen, Ihnen das perfekte Design f\u00fcr Ihren Arbeitsplatz unter den folgenden Farbkarten zu bieten.<\/p>\n","protected":false},"featured_media":3223,"template":"","meta":{"_acf_changed":false},"product_brand":[],"product_cat":[15],"product_tag":[],"class_list":{"0":"post-3222","1":"product","2":"type-product","3":"status-publish","4":"has-post-thumbnail","6":"product_cat-unkategorisiert","7":"product_shipping_class-vesandkostenfrei","9":"first","10":"instock","11":"taxable","12":"shipping-taxable","13":"purchasable","14":"product-type-simple"},"acf":[],"_links":{"self":[{"href":"https:\/\/gesund-arbeiten.com\/shop\/wp-json\/wp\/v2\/product\/3222","targetHints":{"allow":["GET"]}}],"collection":[{"href":"https:\/\/gesund-arbeiten.com\/shop\/wp-json\/wp\/v2\/product"}],"about":[{"href":"https:\/\/gesund-arbeiten.com\/shop\/wp-json\/wp\/v2\/types\/product"}],"wp:featuredmedia":[{"embeddable":true,"href":"https:\/\/gesund-arbeiten.com\/shop\/wp-json\/wp\/v2\/media\/3223"}],"wp:attachment":[{"href":"https:\/\/gesund-arbeiten.com\/shop\/wp-json\/wp\/v2\/media?parent=3222"}],"wp:term":[{"taxonomy":"product_brand","embeddable":true,"href":"https:\/\/gesund-arbeiten.com\/shop\/wp-json\/wp\/v2\/product_brand?post=3222"},{"taxonomy":"product_cat","embeddable":true,"href":"https:\/\/gesund-arbeiten.com\/shop\/wp-json\/wp\/v2\/product_cat?post=3222"},{"taxonomy":"product_tag","embeddable":true,"href":"https:\/\/gesund-arbeiten.com\/shop\/wp-json\/wp\/v2\/product_tag?post=3222"}],"curies":[{"name":"wp","href":"https:\/\/api.w.org\/{rel}","templated":true}]}}