{"id":3250,"date":"2025-05-07T14:02:17","date_gmt":"2025-05-07T12:02:17","guid":{"rendered":"https:\/\/gesund-arbeiten.com\/shop\/?post_type=product&#038;p=3250"},"modified":"2025-05-15T13:37:27","modified_gmt":"2025-05-15T11:37:27","slug":"ausstellungstueck-buerostuhl-new-motion-vico","status":"publish","type":"product","link":"https:\/\/gesund-arbeiten.com\/shop\/produkt\/ausstellungstueck-buerostuhl-new-motion-vico\/","title":{"rendered":"Ausstellungst\u00fcck &#8211; B\u00fcrostuhl new.motion &#8211; Vico, dunkle Abdeckungen"},"content":{"rendered":"<ul>\n<li><strong>new.motion<\/strong> Basisstuhl (Listenpreis 763.98 \u20ac)<\/li>\n<li>Fu\u00dfkreuz: London, Alu poliert (Listenpreis 51.17 \u20ac)<\/li>\n<li>Abdeckung: Sitzpolster und R\u00fcckenlehne, <strong>dunkel<\/strong><\/li>\n<li>Bezug: Aquarius Vico JA435 (100% Schurwolle), <\/li>\n<li>Armlehnen: Keine (gegen Aufpreis auch mit Armlehnen m\u00f6glich)<\/li>\n<li>Es handelt sich hier um ein neues, fehlerfreies Musterst\u00fcck aus unserer Ausstellung.<\/li>\n<li><strong style=\"color: #cc0000;\">Ausstellungst\u00fcck-Rabatt: 30 % auf den Listenpreis! (ohne Armlehnen)<\/strong><\/li>\n<\/ul>\n","protected":false},"excerpt":{"rendered":"<p>new.motion Basisstuhl (Listenpreis 763.98 \u20ac) Fu\u00dfkreuz: London, Alu poliert (Listenpreis 51.17 \u20ac) Abdeckung: Sitzpolster und R\u00fcckenlehne, dunkel Bezug: Aquarius Vico JA435 (100% Schurwolle), Armlehnen: Keine (gegen Aufpreis auch mit Armlehnen m\u00f6glich) Es handelt sich hier um ein neues, fehlerfreies Musterst\u00fcck aus unserer Ausstellung. Ausstellungst\u00fcck-Rabatt: 30 % auf den Listenpreis! (ohne Armlehnen)<\/p>\n","protected":false},"featured_media":3254,"template":"","meta":{"_acf_changed":false},"product_brand":[],"product_cat":[48],"product_tag":[],"class_list":{"0":"post-3250","1":"product","2":"type-product","3":"status-publish","4":"has-post-thumbnail","6":"product_cat-sale","7":"product_shipping_class-buerostuehle","9":"first","10":"outofstock","11":"sale","12":"sold-individually","13":"taxable","14":"shipping-taxable","15":"purchasable","16":"product-type-simple"},"acf":[],"_links":{"self":[{"href":"https:\/\/gesund-arbeiten.com\/shop\/wp-json\/wp\/v2\/product\/3250","targetHints":{"allow":["GET"]}}],"collection":[{"href":"https:\/\/gesund-arbeiten.com\/shop\/wp-json\/wp\/v2\/product"}],"about":[{"href":"https:\/\/gesund-arbeiten.com\/shop\/wp-json\/wp\/v2\/types\/product"}],"wp:featuredmedia":[{"embeddable":true,"href":"https:\/\/gesund-arbeiten.com\/shop\/wp-json\/wp\/v2\/media\/3254"}],"wp:attachment":[{"href":"https:\/\/gesund-arbeiten.com\/shop\/wp-json\/wp\/v2\/media?parent=3250"}],"wp:term":[{"taxonomy":"product_brand","embeddable":true,"href":"https:\/\/gesund-arbeiten.com\/shop\/wp-json\/wp\/v2\/product_brand?post=3250"},{"taxonomy":"product_cat","embeddable":true,"href":"https:\/\/gesund-arbeiten.com\/shop\/wp-json\/wp\/v2\/product_cat?post=3250"},{"taxonomy":"product_tag","embeddable":true,"href":"https:\/\/gesund-arbeiten.com\/shop\/wp-json\/wp\/v2\/product_tag?post=3250"}],"curies":[{"name":"wp","href":"https:\/\/api.w.org\/{rel}","templated":true}]}}