{"id":3258,"date":"2025-05-08T12:34:49","date_gmt":"2025-05-08T10:34:49","guid":{"rendered":"https:\/\/gesund-arbeiten.com\/shop\/?post_type=product&#038;p=3258"},"modified":"2025-06-24T11:22:49","modified_gmt":"2025-06-24T09:22:49","slug":"ausstellungstueck-buerostuhl-motion-plus-martinique","status":"publish","type":"product","link":"https:\/\/gesund-arbeiten.com\/shop\/produkt\/ausstellungstueck-buerostuhl-motion-plus-martinique\/","title":{"rendered":"Ausstellungst\u00fcck &#8211; B\u00fcrostuhl motion.plus &#8211; Martinique, dunkle Abdeckungen"},"content":{"rendered":"<ul>\n<li><strong>motion.plus<\/strong> Basisstuhl (Listenpreis  684,25 \u20ac)<\/li>\n<li>Fu\u00dfkreuz: London, Kunststoff schwarz<\/li>\n<li>Abdeckung: Sitzpolster und R\u00fcckenlehne, <strong>dunkel<\/strong><\/li>\n<li>Bezug: Xtreme Martinique YS004 (100% recycelten Polyester), <\/li>\n<li>Armlehnen: Keine (gegen Aufpreis auch mit Armlehnen m\u00f6glich)<\/li>\n<li>Es handelt sich hier um ein neues, fehlerfreies Musterst\u00fcck aus unserer Ausstellung.<\/li>\n<li><strong style=\"color: #cc0000;\">Ausstellungst\u00fcck-Rabatt: 30 % auf den Listenpreis! (ohne Armlehnen)<\/strong><\/li>\n<\/ul>\n","protected":false},"excerpt":{"rendered":"<p>motion.plus Basisstuhl (Listenpreis 684,25 \u20ac) Fu\u00dfkreuz: London, Kunststoff schwarz Abdeckung: Sitzpolster und R\u00fcckenlehne, dunkel Bezug: Xtreme Martinique YS004 (100% recycelten Polyester), Armlehnen: Keine (gegen Aufpreis auch mit Armlehnen m\u00f6glich) Es handelt sich hier um ein neues, fehlerfreies Musterst\u00fcck aus unserer Ausstellung. Ausstellungst\u00fcck-Rabatt: 30 % auf den Listenpreis! (ohne Armlehnen)<\/p>\n","protected":false},"featured_media":3259,"template":"","meta":{"_acf_changed":false},"product_brand":[],"product_cat":[48],"product_tag":[],"class_list":{"0":"post-3258","1":"product","2":"type-product","3":"status-publish","4":"has-post-thumbnail","6":"product_cat-sale","7":"product_shipping_class-buerostuehle","9":"first","10":"outofstock","11":"sale","12":"sold-individually","13":"taxable","14":"shipping-taxable","15":"purchasable","16":"product-type-simple"},"acf":[],"_links":{"self":[{"href":"https:\/\/gesund-arbeiten.com\/shop\/wp-json\/wp\/v2\/product\/3258","targetHints":{"allow":["GET"]}}],"collection":[{"href":"https:\/\/gesund-arbeiten.com\/shop\/wp-json\/wp\/v2\/product"}],"about":[{"href":"https:\/\/gesund-arbeiten.com\/shop\/wp-json\/wp\/v2\/types\/product"}],"wp:featuredmedia":[{"embeddable":true,"href":"https:\/\/gesund-arbeiten.com\/shop\/wp-json\/wp\/v2\/media\/3259"}],"wp:attachment":[{"href":"https:\/\/gesund-arbeiten.com\/shop\/wp-json\/wp\/v2\/media?parent=3258"}],"wp:term":[{"taxonomy":"product_brand","embeddable":true,"href":"https:\/\/gesund-arbeiten.com\/shop\/wp-json\/wp\/v2\/product_brand?post=3258"},{"taxonomy":"product_cat","embeddable":true,"href":"https:\/\/gesund-arbeiten.com\/shop\/wp-json\/wp\/v2\/product_cat?post=3258"},{"taxonomy":"product_tag","embeddable":true,"href":"https:\/\/gesund-arbeiten.com\/shop\/wp-json\/wp\/v2\/product_tag?post=3258"}],"curies":[{"name":"wp","href":"https:\/\/api.w.org\/{rel}","templated":true}]}}