{"id":3523,"date":"2026-02-08T10:27:37","date_gmt":"2026-02-08T09:27:37","guid":{"rendered":"https:\/\/gesund-arbeiten.com\/shop\/produkt\/buerodrehstuhl-new-motion-bs_nm_row_fla_srh_spl_42-alc-a990_rlh_42-alc-a990_arw\/"},"modified":"2026-02-08T10:27:37","modified_gmt":"2026-02-08T09:27:37","slug":"buerodrehstuhl-new-motion-bs_nm_row_fla_srh_spl_42-alc-a990_rlh_42-alc-a990_arw","status":"publish","type":"product","link":"https:\/\/gesund-arbeiten.com\/shop\/produkt\/buerodrehstuhl-new-motion-bs_nm_row_fla_srh_spl_42-alc-a990_rlh_42-alc-a990_arw\/","title":{"rendered":"B\u00fcrodrehstuhl new.motion BS_NM_ROW_FLA_SRH_SPL_42-ALC-A990_RLH_42-ALC-A990_ARW"},"content":{"rendered":"<p>new.motion Basisstuhl#763.98 \u20ac<br \/>\nWeiche Rollen f\u00fcr harte B\u00f6den#0.00 \u20ac<br \/>\nFu\u00dfkreuz London, Alu poliert#51.17 \u20ac<br \/>\nAbdeckung Sitzpolster und R\u00fcckenlehne, hell#0.00 \u20ac<br \/>\nSitzpolster 51 cm (f\u00fcr Personen ab 1.85 m K\u00f6rpergr\u00f6\u00dfe)#65.45 \u20ac<br \/>\nSitzpolster Bezug Alcantara, NOTTE ALC-A990#94.01 \u20ac<br \/>\nR\u00fcckenlehne hoch#135.66 \u20ac<br \/>\nR\u00fcckenlehne Bezug Alcantara, NOTTE ALC-A990#188.02 \u20ac<br \/>\nArmlehnen 3D h\u00f6henverstellbar, wei\u00df, Armauflage schwarz#153.51 \u20ac<\/p>\n","protected":false},"excerpt":{"rendered":"<p>new.motion Basisstuhl#763.98 \u20ac Weiche Rollen f\u00fcr harte B\u00f6den#0.00 \u20ac Fu\u00dfkreuz London, Alu poliert#51.17 \u20ac Abdeckung Sitzpolster und R\u00fcckenlehne, hell#0.00 \u20ac Sitzpolster 51 cm (f\u00fcr Personen ab 1.85 m K\u00f6rpergr\u00f6\u00dfe)#65.45 \u20ac Sitzpolster Bezug Alcantara, NOTTE ALC-A990#94.01 \u20ac R\u00fcckenlehne hoch#135.66 \u20ac R\u00fcckenlehne Bezug Alcantara, NOTTE ALC-A990#188.02 \u20ac Armlehnen 3D h\u00f6henverstellbar, wei\u00df, Armauflage schwarz#153.51 \u20ac<\/p>\n","protected":false},"featured_media":0,"template":"","meta":{"_acf_changed":false},"product_brand":[],"product_cat":[40],"product_tag":[],"class_list":{"0":"post-3523","1":"product","2":"type-product","3":"status-publish","5":"product_cat-new-motion","6":"product_shipping_class-buerostuehle","8":"first","9":"instock","10":"taxable","11":"shipping-taxable","12":"purchasable","13":"product-type-simple"},"acf":[],"_links":{"self":[{"href":"https:\/\/gesund-arbeiten.com\/shop\/wp-json\/wp\/v2\/product\/3523","targetHints":{"allow":["GET"]}}],"collection":[{"href":"https:\/\/gesund-arbeiten.com\/shop\/wp-json\/wp\/v2\/product"}],"about":[{"href":"https:\/\/gesund-arbeiten.com\/shop\/wp-json\/wp\/v2\/types\/product"}],"wp:attachment":[{"href":"https:\/\/gesund-arbeiten.com\/shop\/wp-json\/wp\/v2\/media?parent=3523"}],"wp:term":[{"taxonomy":"product_brand","embeddable":true,"href":"https:\/\/gesund-arbeiten.com\/shop\/wp-json\/wp\/v2\/product_brand?post=3523"},{"taxonomy":"product_cat","embeddable":true,"href":"https:\/\/gesund-arbeiten.com\/shop\/wp-json\/wp\/v2\/product_cat?post=3523"},{"taxonomy":"product_tag","embeddable":true,"href":"https:\/\/gesund-arbeiten.com\/shop\/wp-json\/wp\/v2\/product_tag?post=3523"}],"curies":[{"name":"wp","href":"https:\/\/api.w.org\/{rel}","templated":true}]}}