{"id":3553,"date":"2026-03-12T10:41:26","date_gmt":"2026-03-12T09:41:26","guid":{"rendered":"https:\/\/gesund-arbeiten.com\/shop\/produkt\/buerodrehstuhl-new-motion-bs_nm_row_fls_srd_spl_37-alc-a786_rlh_37-alc-a786_ara-3\/"},"modified":"2026-03-12T10:41:26","modified_gmt":"2026-03-12T09:41:26","slug":"buerodrehstuhl-new-motion-bs_nm_row_fls_srd_spl_37-alc-a786_rlh_37-alc-a786_ara-3","status":"publish","type":"product","link":"https:\/\/gesund-arbeiten.com\/shop\/produkt\/buerodrehstuhl-new-motion-bs_nm_row_fls_srd_spl_37-alc-a786_rlh_37-alc-a786_ara-3\/","title":{"rendered":"B\u00fcrodrehstuhl new.motion BS_NM_ROW_FLS_SRD_SPL_37-ALC-A786_RLH_37-ALC-A786_ARA"},"content":{"rendered":"<p>new.motion Basisstuhl#763.98 \u20ac<br \/>\nWeiche Rollen f\u00fcr harte B\u00f6den#0.00 \u20ac<br \/>\nFu\u00dfkreuz London, schwarz#0.00 \u20ac<br \/>\nAbdeckung Sitzpolster und R\u00fcckenlehne, dunkel#0.00 \u20ac<br \/>\nSitzpolster 51 cm (f\u00fcr Personen ab 1.85 m K\u00f6rpergr\u00f6\u00dfe)#65.45 \u20ac<br \/>\nSitzpolster Bezug Alcantara, BOHEMIAN ALC-A786#94.01 \u20ac<br \/>\nR\u00fcckenlehne hoch#135.66 \u20ac<br \/>\nR\u00fcckenlehne Bezug Alcantara, BOHEMIAN ALC-A786#188.02 \u20ac<br \/>\nArmlehnen 3D h\u00f6henverstellbar Alu poliert, Armauflage schwarz#148.75 \u20ac<\/p>\n","protected":false},"excerpt":{"rendered":"<p>new.motion Basisstuhl#763.98 \u20ac Weiche Rollen f\u00fcr harte B\u00f6den#0.00 \u20ac Fu\u00dfkreuz London, schwarz#0.00 \u20ac Abdeckung Sitzpolster und R\u00fcckenlehne, dunkel#0.00 \u20ac Sitzpolster 51 cm (f\u00fcr Personen ab 1.85 m K\u00f6rpergr\u00f6\u00dfe)#65.45 \u20ac Sitzpolster Bezug Alcantara, BOHEMIAN ALC-A786#94.01 \u20ac R\u00fcckenlehne hoch#135.66 \u20ac R\u00fcckenlehne Bezug Alcantara, BOHEMIAN ALC-A786#188.02 \u20ac Armlehnen 3D h\u00f6henverstellbar Alu poliert, Armauflage schwarz#148.75 \u20ac<\/p>\n","protected":false},"featured_media":0,"template":"","meta":{"_acf_changed":false},"product_brand":[],"product_cat":[40],"product_tag":[],"class_list":{"0":"post-3553","1":"product","2":"type-product","3":"status-publish","5":"product_cat-new-motion","6":"product_shipping_class-buerostuehle","8":"first","9":"instock","10":"taxable","11":"shipping-taxable","12":"purchasable","13":"product-type-simple"},"acf":[],"_links":{"self":[{"href":"https:\/\/gesund-arbeiten.com\/shop\/wp-json\/wp\/v2\/product\/3553","targetHints":{"allow":["GET"]}}],"collection":[{"href":"https:\/\/gesund-arbeiten.com\/shop\/wp-json\/wp\/v2\/product"}],"about":[{"href":"https:\/\/gesund-arbeiten.com\/shop\/wp-json\/wp\/v2\/types\/product"}],"wp:attachment":[{"href":"https:\/\/gesund-arbeiten.com\/shop\/wp-json\/wp\/v2\/media?parent=3553"}],"wp:term":[{"taxonomy":"product_brand","embeddable":true,"href":"https:\/\/gesund-arbeiten.com\/shop\/wp-json\/wp\/v2\/product_brand?post=3553"},{"taxonomy":"product_cat","embeddable":true,"href":"https:\/\/gesund-arbeiten.com\/shop\/wp-json\/wp\/v2\/product_cat?post=3553"},{"taxonomy":"product_tag","embeddable":true,"href":"https:\/\/gesund-arbeiten.com\/shop\/wp-json\/wp\/v2\/product_tag?post=3553"}],"curies":[{"name":"wp","href":"https:\/\/api.w.org\/{rel}","templated":true}]}}